{"id":1463,"date":"2026-02-03T16:23:36","date_gmt":"2026-02-03T16:23:36","guid":{"rendered":"https:\/\/mimotionagency.com\/home\/"},"modified":"2026-02-04T02:08:11","modified_gmt":"2026-02-04T02:08:11","slug":"home","status":"publish","type":"page","link":"https:\/\/mimotionagency.com\/es\/","title":{"rendered":"Inicio"},"content":{"rendered":"<div data-elementor-type=\"wp-post\" data-elementor-id=\"1463\" class=\"elementor elementor-1463\">\n\t\t\t\t<div class=\"elementor-element elementor-element-8bcd764 e-flex e-con-boxed elementor-invisible e-con e-parent\" data-id=\"8bcd764\" data-element_type=\"container\" data-e-type=\"container\" data-settings=\"{&quot;background_background&quot;:&quot;classic&quot;,&quot;animation&quot;:&quot;fadeIn&quot;}\">\n\t\t\t\t\t<div class=\"e-con-inner\">\n\t\t<div class=\"elementor-element elementor-element-3211a19 e-con-full e-flex e-con e-child\" data-id=\"3211a19\" data-element_type=\"container\" data-e-type=\"container\">\n\t\t\t\t<div class=\"elementor-element elementor-element-5e9b6ee elementor-invisible elementor-widget elementor-widget-heading\" data-id=\"5e9b6ee\" data-element_type=\"widget\" data-e-type=\"widget\" data-settings=\"{&quot;_animation&quot;:&quot;fadeInUp&quot;}\" data-widget_type=\"heading.default\">\n\t\t\t\t<div class=\"elementor-widget-container\">\n\t\t\t\t\t<h1 class=\"elementor-heading-title elementor-size-default\">Marketing con Prop\u00f3sito<\/h1>\t\t\t\t<\/div>\n\t\t\t\t<\/div>\n\t\t\t\t<div class=\"elementor-element elementor-element-68cc8a5 elementor-invisible elementor-widget elementor-widget-text-editor\" data-id=\"68cc8a5\" data-element_type=\"widget\" data-e-type=\"widget\" data-settings=\"{&quot;_animation&quot;:&quot;fadeInUp&quot;}\" data-widget_type=\"text-editor.default\">\n\t\t\t\t<div class=\"elementor-widget-container\">\n\t\t\t\t\t\t\t\t\t<p data-start=\"835\" data-end=\"1018\">MiMotion Marketing Agency naci\u00f3 con una idea clara: el marketing debe generar movimiento real  crecimiento real, mayor visibilidad y resultados concretos.<\/p><p data-start=\"1020\" data-end=\"1245\">Combinamos creatividad, datos y estrategia para ayudar a las marcas a conectar con su audiencia de forma significativa. Ya sea que est\u00e9s comenzando o listo para escalar, aportamos la experiencia y energ\u00eda necesarias para llevar tu negocio al siguiente nivel.<\/p>\t\t\t\t\t\t\t\t<\/div>\n\t\t\t\t<\/div>\n\t\t\t\t<div class=\"elementor-element elementor-element-d95731a elementor-mobile-align-center elementor-widget elementor-widget-button\" data-id=\"d95731a\" data-element_type=\"widget\" data-e-type=\"widget\" data-widget_type=\"button.default\">\n\t\t\t\t<div class=\"elementor-widget-container\">\n\t\t\t\t\t\t\t\t\t<div class=\"elementor-button-wrapper\">\n\t\t\t\t\t<a class=\"elementor-button elementor-button-link elementor-size-sm\" href=\"#\">\n\t\t\t\t\t\t<span class=\"elementor-button-content-wrapper\">\n\t\t\t\t\t\t\t\t\t<span class=\"elementor-button-text\">Agendar<\/span>\n\t\t\t\t\t<\/span>\n\t\t\t\t\t<\/a>\n\t\t\t\t<\/div>\n\t\t\t\t\t\t\t\t<\/div>\n\t\t\t\t<\/div>\n\t\t\t\t<\/div>\n\t\t<div class=\"elementor-element elementor-element-70fdbc1 e-con-full e-flex e-con e-child\" data-id=\"70fdbc1\" data-element_type=\"container\" data-e-type=\"container\">\n\t\t\t\t<div class=\"elementor-element elementor-element-7adb074 elementor-widget elementor-widget-image\" data-id=\"7adb074\" data-element_type=\"widget\" data-e-type=\"widget\" data-widget_type=\"image.default\">\n\t\t\t\t<div class=\"elementor-widget-container\">\n\t\t\t\t\t\t\t\t\t\t\t\t\t\t\t<img fetchpriority=\"high\" decoding=\"async\" width=\"736\" height=\"920\" src=\"https:\/\/mimotionagency.com\/wp-content\/uploads\/2026\/02\/dcf986465f6b6756d7651ad859e55568.jpg\" class=\"attachment-large size-large wp-image-2702\" alt=\"\" srcset=\"https:\/\/mimotionagency.com\/wp-content\/uploads\/2026\/02\/dcf986465f6b6756d7651ad859e55568.jpg 736w, https:\/\/mimotionagency.com\/wp-content\/uploads\/2026\/02\/dcf986465f6b6756d7651ad859e55568-240x300.jpg 240w, https:\/\/mimotionagency.com\/wp-content\/uploads\/2026\/02\/dcf986465f6b6756d7651ad859e55568-10x12.jpg 10w\" sizes=\"(max-width: 736px) 100vw, 736px\" \/>\t\t\t\t\t\t\t\t\t\t\t\t\t\t\t<\/div>\n\t\t\t\t<\/div>\n\t\t\t\t<\/div>\n\t\t\t\t\t<\/div>\n\t\t\t\t<\/div>\n\t\t<div class=\"elementor-element elementor-element-3445653 e-flex e-con-boxed e-con e-parent\" data-id=\"3445653\" data-element_type=\"container\" data-e-type=\"container\" data-settings=\"{&quot;background_background&quot;:&quot;classic&quot;}\">\n\t\t\t\t\t<div class=\"e-con-inner\">\n\t\t<div class=\"elementor-element elementor-element-a2a0548 e-con-full e-flex e-con e-child\" data-id=\"a2a0548\" data-element_type=\"container\" data-e-type=\"container\">\n\t\t\t\t<div class=\"elementor-element elementor-element-d8b0325 elementor-widget elementor-widget-heading\" data-id=\"d8b0325\" data-element_type=\"widget\" data-e-type=\"widget\" data-widget_type=\"heading.default\">\n\t\t\t\t<div class=\"elementor-widget-container\">\n\t\t\t\t\t<h2 class=\"elementor-heading-title elementor-size-default\">Nuestros Servicios<\/h2>\t\t\t\t<\/div>\n\t\t\t\t<\/div>\n\t\t\t\t<\/div>\n\t\t<div class=\"elementor-element elementor-element-ef722fb e-con-full e-flex e-con e-child\" data-id=\"ef722fb\" data-element_type=\"container\" data-e-type=\"container\">\n\t\t<div class=\"elementor-element elementor-element-b9c5d57 e-con-full e-flex e-con e-child\" data-id=\"b9c5d57\" data-element_type=\"container\" data-e-type=\"container\" data-settings=\"{&quot;background_background&quot;:&quot;classic&quot;}\">\n\t\t\t\t<div class=\"elementor-element elementor-element-7bf9561 elementor-widget elementor-widget-hfe-infocard\" data-id=\"7bf9561\" data-element_type=\"widget\" data-e-type=\"widget\" data-widget_type=\"hfe-infocard.default\">\n\t\t\t\t<div class=\"elementor-widget-container\">\n\t\t\t\t\t\n\t\t<div class=\"hfe-infocard\">\n\t\t\t\t\t\t<div class=\"hfe-icon-wrap\">\n\t\t\t\t<span class=\"hfe-icon\">\n\t\t\t\t\t<i aria-hidden=\"true\" class=\"far fa-edit\"><\/i>\t\t\t\t<\/span>\n\t\t\t<\/div>\n\t\t\t\t\t\t\t\t\t<div class=\"hfe-infocard-title-wrap\">\n\t\t\t\t<h4 class=\"hfe-infocard-title elementor-inline-editing\" data-elementor-setting-key=\"infocard_title\" data-elementor-inline-editing-toolbar=\"basic\" >Branding y Dise\u00f1o<\/h4>\t\t\t<\/div>\n\t\t\t\t\t\t<div class=\"hfe-infocard-text-wrap\">\n\t\t\t\t<div class=\"hfe-infocard-text elementor-inline-editing\" data-elementor-setting-key=\"infocard_description\" data-elementor-inline-editing-toolbar=\"advanced\">\n\t\t\t\t\tLogos, identidad visual y elementos de marca que te hacen inolvidable.\t\t\t\t<\/div>\n\t\t\t\t\t\t\t<\/div>\n\t\t<\/div>\n\n\t\t\t\t\t\t<\/div>\n\t\t\t\t<\/div>\n\t\t\t\t<\/div>\n\t\t<div class=\"elementor-element elementor-element-c7e050f e-con-full e-flex e-con e-child\" data-id=\"c7e050f\" data-element_type=\"container\" data-e-type=\"container\" data-settings=\"{&quot;background_background&quot;:&quot;classic&quot;}\">\n\t\t\t\t<div class=\"elementor-element elementor-element-24ad319 elementor-widget elementor-widget-hfe-infocard\" data-id=\"24ad319\" data-element_type=\"widget\" data-e-type=\"widget\" data-widget_type=\"hfe-infocard.default\">\n\t\t\t\t<div class=\"elementor-widget-container\">\n\t\t\t\t\t\n\t\t<div class=\"hfe-infocard\">\n\t\t\t\t\t\t<div class=\"hfe-icon-wrap\">\n\t\t\t\t<span class=\"hfe-icon\">\n\t\t\t\t\t<i aria-hidden=\"true\" class=\"far fa-object-group\"><\/i>\t\t\t\t<\/span>\n\t\t\t<\/div>\n\t\t\t\t\t\t\t\t\t<div class=\"hfe-infocard-title-wrap\">\n\t\t\t\t<h4 class=\"hfe-infocard-title elementor-inline-editing\" data-elementor-setting-key=\"infocard_title\" data-elementor-inline-editing-toolbar=\"basic\" >Dise\u00f1o y Desarrollo Web<\/h4>\t\t\t<\/div>\n\t\t\t\t\t\t<div class=\"hfe-infocard-text-wrap\">\n\t\t\t\t<div class=\"hfe-infocard-text elementor-inline-editing\" data-elementor-setting-key=\"infocard_description\" data-elementor-inline-editing-toolbar=\"advanced\">\n\t\t\t\t\tSitios modernos y responsivos que convierten visitantes en clientes.\t\t\t\t<\/div>\n\t\t\t\t\t\t\t<\/div>\n\t\t<\/div>\n\n\t\t\t\t\t\t<\/div>\n\t\t\t\t<\/div>\n\t\t\t\t<\/div>\n\t\t<div class=\"elementor-element elementor-element-5e54ada e-con-full e-flex e-con e-child\" data-id=\"5e54ada\" data-element_type=\"container\" data-e-type=\"container\" data-settings=\"{&quot;background_background&quot;:&quot;classic&quot;}\">\n\t\t\t\t<div class=\"elementor-element elementor-element-55aca59 elementor-widget elementor-widget-hfe-infocard\" data-id=\"55aca59\" data-element_type=\"widget\" data-e-type=\"widget\" data-widget_type=\"hfe-infocard.default\">\n\t\t\t\t<div class=\"elementor-widget-container\">\n\t\t\t\t\t\n\t\t<div class=\"hfe-infocard\">\n\t\t\t\t\t\t<div class=\"hfe-icon-wrap\">\n\t\t\t\t<span class=\"hfe-icon\">\n\t\t\t\t\t<i aria-hidden=\"true\" class=\"far fa-paper-plane\"><\/i>\t\t\t\t<\/span>\n\t\t\t<\/div>\n\t\t\t\t\t\t\t\t\t<div class=\"hfe-infocard-title-wrap\">\n\t\t\t\t<h4 class=\"hfe-infocard-title elementor-inline-editing\" data-elementor-setting-key=\"infocard_title\" data-elementor-inline-editing-toolbar=\"basic\" >Estrategia de Marketing Digital<\/h4>\t\t\t<\/div>\n\t\t\t\t\t\t<div class=\"hfe-infocard-text-wrap\">\n\t\t\t\t<div class=\"hfe-infocard-text elementor-inline-editing\" data-elementor-setting-key=\"infocard_description\" data-elementor-inline-editing-toolbar=\"advanced\">\n\t\t\t\t\tPlanes personalizados para hacer crecer tu marca y llegar a la audiencia correcta.\t\t\t\t<\/div>\n\t\t\t\t\t\t\t<\/div>\n\t\t<\/div>\n\n\t\t\t\t\t\t<\/div>\n\t\t\t\t<\/div>\n\t\t\t\t<\/div>\n\t\t\t\t<\/div>\n\t\t<div class=\"elementor-element elementor-element-8cf662e e-con-full e-flex e-con e-child\" data-id=\"8cf662e\" data-element_type=\"container\" data-e-type=\"container\">\n\t\t<div class=\"elementor-element elementor-element-6abb0f1 e-con-full e-flex e-con e-child\" data-id=\"6abb0f1\" data-element_type=\"container\" data-e-type=\"container\" data-settings=\"{&quot;background_background&quot;:&quot;classic&quot;}\">\n\t\t\t\t<div class=\"elementor-element elementor-element-a68e165 elementor-widget elementor-widget-hfe-infocard\" data-id=\"a68e165\" data-element_type=\"widget\" data-e-type=\"widget\" data-widget_type=\"hfe-infocard.default\">\n\t\t\t\t<div class=\"elementor-widget-container\">\n\t\t\t\t\t\n\t\t<div class=\"hfe-infocard\">\n\t\t\t\t\t\t<div class=\"hfe-icon-wrap\">\n\t\t\t\t<span class=\"hfe-icon\">\n\t\t\t\t\t<i aria-hidden=\"true\" class=\"far fa-lightbulb\"><\/i>\t\t\t\t<\/span>\n\t\t\t<\/div>\n\t\t\t\t\t\t\t\t\t<div class=\"hfe-infocard-title-wrap\">\n\t\t\t\t<h4 class=\"hfe-infocard-title elementor-inline-editing\" data-elementor-setting-key=\"infocard_title\" data-elementor-inline-editing-toolbar=\"basic\" >Gesti\u00f3n de Redes Sociales<\/h4>\t\t\t<\/div>\n\t\t\t\t\t\t<div class=\"hfe-infocard-text-wrap\">\n\t\t\t\t<div class=\"hfe-infocard-text elementor-inline-editing\" data-elementor-setting-key=\"infocard_description\" data-elementor-inline-editing-toolbar=\"advanced\">\n\t\t\t\t\tContenido atractivo y campa\u00f1as inteligentes que crean comunidades leales.\t\t\t\t<\/div>\n\t\t\t\t\t\t\t<\/div>\n\t\t<\/div>\n\n\t\t\t\t\t\t<\/div>\n\t\t\t\t<\/div>\n\t\t\t\t<\/div>\n\t\t<div class=\"elementor-element elementor-element-ce996e1 e-con-full e-flex e-con e-child\" data-id=\"ce996e1\" data-element_type=\"container\" data-e-type=\"container\" data-settings=\"{&quot;background_background&quot;:&quot;classic&quot;}\">\n\t\t\t\t<div class=\"elementor-element elementor-element-fe9c764 elementor-widget elementor-widget-hfe-infocard\" data-id=\"fe9c764\" data-element_type=\"widget\" data-e-type=\"widget\" data-widget_type=\"hfe-infocard.default\">\n\t\t\t\t<div class=\"elementor-widget-container\">\n\t\t\t\t\t\n\t\t<div class=\"hfe-infocard\">\n\t\t\t\t\t\t<div class=\"hfe-icon-wrap\">\n\t\t\t\t<span class=\"hfe-icon\">\n\t\t\t\t\t<i aria-hidden=\"true\" class=\"far fa-credit-card\"><\/i>\t\t\t\t<\/span>\n\t\t\t<\/div>\n\t\t\t\t\t\t\t\t\t<div class=\"hfe-infocard-title-wrap\">\n\t\t\t\t<h4 class=\"hfe-infocard-title elementor-inline-editing\" data-elementor-setting-key=\"infocard_title\" data-elementor-inline-editing-toolbar=\"basic\" >Publicidad Digital<\/h4>\t\t\t<\/div>\n\t\t\t\t\t\t<div class=\"hfe-infocard-text-wrap\">\n\t\t\t\t<div class=\"hfe-infocard-text elementor-inline-editing\" data-elementor-setting-key=\"infocard_description\" data-elementor-inline-editing-toolbar=\"advanced\">\n\t\t\t\t\tCampa\u00f1as publicitarias segmentadas que maximizan el retorno de inversi\u00f3n y generan resultados medibles.\t\t\t\t<\/div>\n\t\t\t\t\t\t\t<\/div>\n\t\t<\/div>\n\n\t\t\t\t\t\t<\/div>\n\t\t\t\t<\/div>\n\t\t\t\t<\/div>\n\t\t\t\t<\/div>\n\t\t\t\t\t<\/div>\n\t\t\t\t<\/div>\n\t\t<div class=\"elementor-element elementor-element-9c9b504 e-flex e-con-boxed e-con e-parent\" data-id=\"9c9b504\" data-element_type=\"container\" data-e-type=\"container\" data-settings=\"{&quot;background_background&quot;:&quot;classic&quot;}\">\n\t\t\t\t\t<div class=\"e-con-inner\">\n\t\t<div class=\"elementor-element elementor-element-9a81c62 e-con-full e-flex e-con e-child\" data-id=\"9a81c62\" data-element_type=\"container\" data-e-type=\"container\">\n\t\t<div class=\"elementor-element elementor-element-1d87e07 e-con-full e-flex e-con e-child\" data-id=\"1d87e07\" data-element_type=\"container\" data-e-type=\"container\">\n\t\t\t\t<div class=\"elementor-element elementor-element-44f8a9c elementor-widget elementor-widget-heading\" data-id=\"44f8a9c\" data-element_type=\"widget\" data-e-type=\"widget\" data-widget_type=\"heading.default\">\n\t\t\t\t<div class=\"elementor-widget-container\">\n\t\t\t\t\t<h2 class=\"elementor-heading-title elementor-size-default\">Impulsados por Resultados<\/h2>\t\t\t\t<\/div>\n\t\t\t\t<\/div>\n\t\t\t\t<div class=\"elementor-element elementor-element-23fa18f elementor-widget elementor-widget-text-editor\" data-id=\"23fa18f\" data-element_type=\"widget\" data-e-type=\"widget\" data-widget_type=\"text-editor.default\">\n\t\t\t\t<div class=\"elementor-widget-container\">\n\t\t\t\t\t\t\t\t\t<p data-start=\"3564\" data-end=\"3760\">Todo lo que hacemos est\u00e1 enfocado en el crecimiento medible. Desde aumentar el tr\u00e1fico web hasta mejorar las conversiones, nuestro objetivo es claro: ayudar a tu negocio a avanzar m\u00e1s r\u00e1pido y m\u00e1s lejos.<\/p>\t\t\t\t\t\t\t\t<\/div>\n\t\t\t\t<\/div>\n\t\t\t\t<\/div>\n\t\t<div class=\"elementor-element elementor-element-8f9047d e-con-full e-flex e-con e-child\" data-id=\"8f9047d\" data-element_type=\"container\" data-e-type=\"container\">\n\t\t<div class=\"elementor-element elementor-element-503375f e-con-full e-flex e-con e-child\" data-id=\"503375f\" data-element_type=\"container\" data-e-type=\"container\">\n\t\t\t\t<div class=\"elementor-element elementor-element-27ceb1f elementor-widget elementor-widget-image\" data-id=\"27ceb1f\" data-element_type=\"widget\" data-e-type=\"widget\" data-widget_type=\"image.default\">\n\t\t\t\t<div class=\"elementor-widget-container\">\n\t\t\t\t\t\t\t\t\t\t\t\t\t\t\t<img decoding=\"async\" width=\"300\" height=\"300\" src=\"https:\/\/mimotionagency.com\/wp-content\/uploads\/2020\/06\/portfolio1.jpg\" class=\"attachment-medium size-medium wp-image-1238\" alt=\"\" \/>\t\t\t\t\t\t\t\t\t\t\t\t\t\t\t<\/div>\n\t\t\t\t<\/div>\n\t\t\t\t<\/div>\n\t\t<div class=\"elementor-element elementor-element-10a546c e-con-full e-flex e-con e-child\" data-id=\"10a546c\" data-element_type=\"container\" data-e-type=\"container\">\n\t\t\t\t<div class=\"elementor-element elementor-element-7c70f29 elementor-widget elementor-widget-image\" data-id=\"7c70f29\" data-element_type=\"widget\" data-e-type=\"widget\" data-widget_type=\"image.default\">\n\t\t\t\t<div class=\"elementor-widget-container\">\n\t\t\t\t\t\t\t\t\t\t\t\t\t\t\t<img decoding=\"async\" width=\"300\" height=\"300\" src=\"https:\/\/mimotionagency.com\/wp-content\/uploads\/2020\/06\/portfolio2.jpg\" class=\"attachment-medium size-medium wp-image-1239\" alt=\"\" \/>\t\t\t\t\t\t\t\t\t\t\t\t\t\t\t<\/div>\n\t\t\t\t<\/div>\n\t\t\t\t<\/div>\n\t\t<div class=\"elementor-element elementor-element-6c7cb00 e-con-full e-flex e-con e-child\" data-id=\"6c7cb00\" data-element_type=\"container\" data-e-type=\"container\">\n\t\t\t\t<div class=\"elementor-element elementor-element-0435922 elementor-widget elementor-widget-image\" data-id=\"0435922\" data-element_type=\"widget\" data-e-type=\"widget\" data-widget_type=\"image.default\">\n\t\t\t\t<div class=\"elementor-widget-container\">\n\t\t\t\t\t\t\t\t\t\t\t\t\t\t\t<img loading=\"lazy\" decoding=\"async\" width=\"300\" height=\"300\" src=\"https:\/\/mimotionagency.com\/wp-content\/uploads\/2020\/06\/portfolio3-300x300.jpg\" class=\"attachment-medium size-medium wp-image-1240\" alt=\"\" srcset=\"https:\/\/mimotionagency.com\/wp-content\/uploads\/2020\/06\/portfolio3-300x300.jpg 300w, https:\/\/mimotionagency.com\/wp-content\/uploads\/2020\/06\/portfolio3-150x150.jpg 150w, https:\/\/mimotionagency.com\/wp-content\/uploads\/2020\/06\/portfolio3-12x12.jpg 12w, https:\/\/mimotionagency.com\/wp-content\/uploads\/2020\/06\/portfolio3.jpg 625w\" sizes=\"(max-width: 300px) 100vw, 300px\" \/>\t\t\t\t\t\t\t\t\t\t\t\t\t\t\t<\/div>\n\t\t\t\t<\/div>\n\t\t\t\t<\/div>\n\t\t<div class=\"elementor-element elementor-element-9f79cde e-con-full e-flex e-con e-child\" data-id=\"9f79cde\" data-element_type=\"container\" data-e-type=\"container\">\n\t\t\t\t<div class=\"elementor-element elementor-element-3e97b94 elementor-widget elementor-widget-image\" data-id=\"3e97b94\" data-element_type=\"widget\" data-e-type=\"widget\" data-widget_type=\"image.default\">\n\t\t\t\t<div class=\"elementor-widget-container\">\n\t\t\t\t\t\t\t\t\t\t\t\t\t\t\t<img loading=\"lazy\" decoding=\"async\" width=\"300\" height=\"300\" src=\"https:\/\/mimotionagency.com\/wp-content\/uploads\/2020\/06\/portfolio4-1-300x300.jpg\" class=\"attachment-medium size-medium wp-image-1248\" alt=\"\" srcset=\"https:\/\/mimotionagency.com\/wp-content\/uploads\/2020\/06\/portfolio4-1-300x300.jpg 300w, https:\/\/mimotionagency.com\/wp-content\/uploads\/2020\/06\/portfolio4-1-150x150.jpg 150w, https:\/\/mimotionagency.com\/wp-content\/uploads\/2020\/06\/portfolio4-1-12x12.jpg 12w, https:\/\/mimotionagency.com\/wp-content\/uploads\/2020\/06\/portfolio4-1.jpg 625w\" sizes=\"(max-width: 300px) 100vw, 300px\" \/>\t\t\t\t\t\t\t\t\t\t\t\t\t\t\t<\/div>\n\t\t\t\t<\/div>\n\t\t\t\t<\/div>\n\t\t\t\t<\/div>\n\t\t\t\t<\/div>\n\t\t\t\t\t<\/div>\n\t\t\t\t<\/div>\n\t\t<div class=\"elementor-element elementor-element-9166c45 e-flex e-con-boxed e-con e-parent\" data-id=\"9166c45\" data-element_type=\"container\" data-e-type=\"container\">\n\t\t\t\t\t<div class=\"e-con-inner\">\n\t\t\t\t<div class=\"elementor-element elementor-element-632ca68 elementor-align-center elementor-widget elementor-widget-button\" data-id=\"632ca68\" data-element_type=\"widget\" data-e-type=\"widget\" data-widget_type=\"button.default\">\n\t\t\t\t<div class=\"elementor-widget-container\">\n\t\t\t\t\t\t\t\t\t<div class=\"elementor-button-wrapper\">\n\t\t\t\t\t<a class=\"elementor-button elementor-button-link elementor-size-sm\" href=\"#\">\n\t\t\t\t\t\t<span class=\"elementor-button-content-wrapper\">\n\t\t\t\t\t\t\t\t\t<span class=\"elementor-button-text\">lets work together<\/span>\n\t\t\t\t\t<\/span>\n\t\t\t\t\t<\/a>\n\t\t\t\t<\/div>\n\t\t\t\t\t\t\t\t<\/div>\n\t\t\t\t<\/div>\n\t\t\t\t\t<\/div>\n\t\t\t\t<\/div>\n\t\t\t\t<\/div>","protected":false},"excerpt":{"rendered":"<p>Marketing That Moves With Purpose MiMotion Marketing Agency was built on one simple idea: marketing should create real motion real growth, real visibility, and real results. We combine creativity, data, and strategy to help brands connect with their audience in meaningful ways. Whether you\u2019re starting from scratch or ready to scale, we bring the expertise [&hellip;]<\/p>\n","protected":false},"author":2,"featured_media":0,"parent":0,"menu_order":0,"comment_status":"closed","ping_status":"open","template":"","meta":{"site-sidebar-layout":"no-sidebar","site-content-layout":"page-builder","ast-site-content-layout":"default","site-content-style":"default","site-sidebar-style":"default","ast-global-header-display":"","ast-banner-title-visibility":"","ast-main-header-display":"","ast-hfb-above-header-display":"","ast-hfb-below-header-display":"","ast-hfb-mobile-header-display":"","site-post-title":"disabled","ast-breadcrumbs-content":"","ast-featured-img":"disabled","footer-sml-layout":"","ast-disable-related-posts":"","theme-transparent-header-meta":"enabled","adv-header-id-meta":"","stick-header-meta":"","header-above-stick-meta":"","header-main-stick-meta":"","header-below-stick-meta":"","astra-migrate-meta-layouts":"default","ast-page-background-enabled":"default","ast-page-background-meta":{"desktop":{"background-color":"","background-image":"","background-repeat":"repeat","background-position":"center center","background-size":"auto","background-attachment":"scroll","background-type":"","background-media":"","overlay-type":"","overlay-color":"","overlay-opacity":"","overlay-gradient":""},"tablet":{"background-color":"","background-image":"","background-repeat":"repeat","background-position":"center center","background-size":"auto","background-attachment":"scroll","background-type":"","background-media":"","overlay-type":"","overlay-color":"","overlay-opacity":"","overlay-gradient":""},"mobile":{"background-color":"","background-image":"","background-repeat":"repeat","background-position":"center center","background-size":"auto","background-attachment":"scroll","background-type":"","background-media":"","overlay-type":"","overlay-color":"","overlay-opacity":"","overlay-gradient":""}},"ast-content-background-meta":{"desktop":{"background-color":"var(--ast-global-color-5)","background-image":"","background-repeat":"repeat","background-position":"center center","background-size":"auto","background-attachment":"scroll","background-type":"","background-media":"","overlay-type":"","overlay-color":"","overlay-opacity":"","overlay-gradient":""},"tablet":{"background-color":"var(--ast-global-color-5)","background-image":"","background-repeat":"repeat","background-position":"center center","background-size":"auto","background-attachment":"scroll","background-type":"","background-media":"","overlay-type":"","overlay-color":"","overlay-opacity":"","overlay-gradient":""},"mobile":{"background-color":"var(--ast-global-color-5)","background-image":"","background-repeat":"repeat","background-position":"center center","background-size":"auto","background-attachment":"scroll","background-type":"","background-media":"","overlay-type":"","overlay-color":"","overlay-opacity":"","overlay-gradient":""}},"footnotes":""},"class_list":["post-1463","page","type-page","status-publish","hentry"],"_links":{"self":[{"href":"https:\/\/mimotionagency.com\/es\/wp-json\/wp\/v2\/pages\/1463","targetHints":{"allow":["GET"]}}],"collection":[{"href":"https:\/\/mimotionagency.com\/es\/wp-json\/wp\/v2\/pages"}],"about":[{"href":"https:\/\/mimotionagency.com\/es\/wp-json\/wp\/v2\/types\/page"}],"author":[{"embeddable":true,"href":"https:\/\/mimotionagency.com\/es\/wp-json\/wp\/v2\/users\/2"}],"replies":[{"embeddable":true,"href":"https:\/\/mimotionagency.com\/es\/wp-json\/wp\/v2\/comments?post=1463"}],"version-history":[{"count":27,"href":"https:\/\/mimotionagency.com\/es\/wp-json\/wp\/v2\/pages\/1463\/revisions"}],"predecessor-version":[{"id":2726,"href":"https:\/\/mimotionagency.com\/es\/wp-json\/wp\/v2\/pages\/1463\/revisions\/2726"}],"wp:attachment":[{"href":"https:\/\/mimotionagency.com\/es\/wp-json\/wp\/v2\/media?parent=1463"}],"curies":[{"name":"wp","href":"https:\/\/api.w.org\/{rel}","templated":true}]}}